{"id":939,"date":"2019-08-13T07:32:11","date_gmt":"2019-08-13T07:32:11","guid":{"rendered":"https:\/\/www.cuvecom.org\/contacto\/"},"modified":"2019-08-13T07:32:11","modified_gmt":"2019-08-13T07:32:11","slug":"contacto","status":"publish","type":"page","link":"https:\/\/demo.cuvecom.org\/pt\/contacto\/","title":{"rendered":"Contacto"},"content":{"rendered":"<p>Esta \u00e9 uma p\u00e1gina com algumas informa\u00e7\u00f5es b\u00e1sicas de contato, como um endere\u00e7o e n\u00famero de telefone. Voc\u00ea tamb\u00e9m pode tentar um plugin para adicionar um formul\u00e1rio de contato.<\/p>","protected":false},"excerpt":{"rendered":"<p>Esta \u00e9 uma p\u00e1gina com algumas informa\u00e7\u00f5es b\u00e1sicas de contato, como um endere\u00e7o e n\u00famero de telefone. Voc\u00ea tamb\u00e9m pode tentar um plugin para adicionar um formul\u00e1rio de contato.<\/p>","protected":false},"author":11,"featured_media":0,"parent":0,"menu_order":0,"comment_status":"closed","ping_status":"closed","template":"","meta":{"footnotes":""},"class_list":["post-939","page","type-page","status-publish","hentry"],"featured_image_urls":{"full":"","thumbnail":"","medium":"","medium_large":"","large":"","1536x1536":"","2048x2048":"","trp-custom-language-flag":"","pixova-lite-custom-logo":"","pixova-lite-project-slider-logo-image":"","pixova-lite-homepage-blog-posts":"","pixova-lite-featured-blog-image":"","pixova-lite-related-posts":"","pixova-lite-recent-works-image":"","form-edit-image-preview":""},"post_excerpt_stackable":"<p>Esta \u00e9 uma p\u00e1gina com algumas informa\u00e7\u00f5es b\u00e1sicas de contato, como um endere\u00e7o e n\u00famero de telefone. Voc\u00ea tamb\u00e9m pode tentar um plugin para adicionar um formul\u00e1rio de contato.<\/p>\n","category_list":"","author_info":{"name":"admin","url":"https:\/\/demo.cuvecom.org\/pt\/author\/admin\/"},"comments_num":"0 comments","featured_image_urls_v2":{"full":"","thumbnail":"","medium":"","medium_large":"","large":"","1536x1536":"","2048x2048":"","trp-custom-language-flag":"","pixova-lite-custom-logo":"","pixova-lite-project-slider-logo-image":"","pixova-lite-homepage-blog-posts":"","pixova-lite-featured-blog-image":"","pixova-lite-related-posts":"","pixova-lite-recent-works-image":"","form-edit-image-preview":""},"post_excerpt_stackable_v2":"<p>Esta \u00e9 uma p\u00e1gina com algumas informa\u00e7\u00f5es b\u00e1sicas de contato, como um endere\u00e7o e n\u00famero de telefone. Voc\u00ea tamb\u00e9m pode tentar um plugin para adicionar um formul\u00e1rio de contato.<\/p>\n","category_list_v2":"","author_info_v2":{"name":"admin","url":"https:\/\/demo.cuvecom.org\/pt\/author\/admin\/"},"comments_num_v2":"0 comments","_links":{"self":[{"href":"https:\/\/demo.cuvecom.org\/pt\/wp-json\/wp\/v2\/pages\/939","targetHints":{"allow":["GET"]}}],"collection":[{"href":"https:\/\/demo.cuvecom.org\/pt\/wp-json\/wp\/v2\/pages"}],"about":[{"href":"https:\/\/demo.cuvecom.org\/pt\/wp-json\/wp\/v2\/types\/page"}],"author":[{"embeddable":true,"href":"https:\/\/demo.cuvecom.org\/pt\/wp-json\/wp\/v2\/users\/11"}],"replies":[{"embeddable":true,"href":"https:\/\/demo.cuvecom.org\/pt\/wp-json\/wp\/v2\/comments?post=939"}],"version-history":[{"count":1,"href":"https:\/\/demo.cuvecom.org\/pt\/wp-json\/wp\/v2\/pages\/939\/revisions"}],"predecessor-version":[{"id":942,"href":"https:\/\/demo.cuvecom.org\/pt\/wp-json\/wp\/v2\/pages\/939\/revisions\/942"}],"wp:attachment":[{"href":"https:\/\/demo.cuvecom.org\/pt\/wp-json\/wp\/v2\/media?parent=939"}],"curies":[{"name":"wp","href":"https:\/\/api.w.org\/{rel}","templated":true}]}}