{"id":958,"date":"2019-08-13T07:56:51","date_gmt":"2019-08-13T07:56:51","guid":{"rendered":"https:\/\/www.cuvecom.org\/documentacao-e-publicacoes\/"},"modified":"2019-08-13T07:56:52","modified_gmt":"2019-08-13T07:56:52","slug":"documentacao-e-publicacoes","status":"publish","type":"page","link":"https:\/\/demo.cuvecom.org\/pt\/documentacao-e-publicacoes\/","title":{"rendered":"Documenta\u00e7\u00e3o e Publica\u00e7\u00f5es"},"content":{"rendered":"<p>Abaixo est\u00e1 uma biblioteca de pol\u00edticas, directrizes, estudos e pesquisas referentes \u00e0 Bacia do Rio Cuvelai.<\/p>\n\n<hr class=\"wp-block-separator\"\/>\n\n<h2 class=\"wp-block-heading\"><strong>Plano da GIRH e Documenta\u00e7\u00e3o Relacionada<\/strong><\/h2>\n\n<div class=\"wp-block-file\"><a href=\"https:\/\/demo.cuvecom.org\/wp-content\/uploads\/dlm_uploads\/2019\/04\/CUVECOM-Scoping-Study-Part-1-Eng.pdf\">CUVECOM Scoping Study Part 1 (Eng) &#8211; PDF, 4MB<\/a><\/div>\n\n<div class=\"wp-block-file\"><a href=\"https:\/\/demo.cuvecom.org\/wp-content\/uploads\/dlm_uploads\/2019\/04\/CUVECOM-Scoping-Study-Part-2-Eng.pdf\">CUVECOM Scoping Study Part 2 (Eng) &#8211; PDF, 6MB<\/a><\/div>\n\n<hr class=\"wp-block-separator\"\/>\n\n<h2 class=\"wp-block-heading\"><strong>Jur\u00eddico, Pol\u00edtica, Estudos Institucionais e Relat\u00f3rios<\/strong><\/h2>\n\n<div class=\"wp-block-file\"><a href=\"https:\/\/demo.cuvecom.org\/wp-content\/uploads\/dlm_uploads\/2019\/04\/CUVECOM-Agreement.pdf\">CUVECOM Agreement &#8211; PDF, 9MB<\/a><\/div>\n\n<hr class=\"wp-block-separator\"\/>\n\n<h2 class=\"wp-block-heading\"><strong>Planos da Bacia Hidrogr\u00e1fica e GIRH<\/strong><\/h2>\n\n<div class=\"wp-block-file\"><a href=\"https:\/\/demo.cuvecom.org\/wp-content\/uploads\/dlm_uploads\/2019\/04\/2013-IWRM-CEB-Plan.pdf\">2013 IWRM CEB Plan &#8211; PDF, 3MB<\/a><\/div>\n\n<div class=\"wp-block-file\"><a href=\"https:\/\/demo.cuvecom.org\/wp-content\/uploads\/dlm_uploads\/2019\/04\/2013-Limpopo-River-Basin-IWRM-Plan-Eng.pdf\">2013 Limpopo River Basin IWRM Plan (Eng) &#8211; PDF, 3MB<\/a><\/div>\n\n<div class=\"wp-block-file\"><a href=\"https:\/\/demo.cuvecom.org\/wp-content\/uploads\/dlm_uploads\/2019\/04\/2013-Limpopo-River-Basin-IWRM-Plan-Por.pdf\">2013 Limpopo River Basin IWRM Plan (Por) &#8211; PDF, 4MB<\/a><\/div>\n\n<hr class=\"wp-block-separator\"\/>\n\n<h2 class=\"wp-block-heading\"><strong>Recursos H\u00eddricos (Superf\u00edcie e \u00c1guas Subterr\u00e2neas)<\/strong><\/h2>\n\n<div class=\"wp-block-file\"><a href=\"https:\/\/demo.cuvecom.org\/wp-content\/uploads\/dlm_uploads\/2019\/04\/Ohandwena-2-Exploration-Study.pdf\">Ohandwena 2 Exploration Study &#8211; PDF, 4MB<\/a><\/div>\n\n<div class=\"wp-block-file\"><a href=\"https:\/\/demo.cuvecom.org\/wp-content\/uploads\/dlm_uploads\/2019\/04\/Plano-Nacional-da-%C3%81gua-Vol-1.pdf\">Plano Nacional da \u00c1gua Vol 1 &#8211; PDF, 13MB<\/a><\/div>\n\n<hr class=\"wp-block-separator\"\/>\n\n<h2 class=\"wp-block-heading\"><strong>Altera\u00e7\u00f5es Clim\u00e1ticas<\/strong><\/h2>\n\n<div class=\"wp-block-file\"><a href=\"https:\/\/demo.cuvecom.org\/wp-content\/uploads\/dlm_uploads\/2019\/04\/Sattelite-Scientific-Journal-2.pdf\">Sattelite Scientific Journal 2 &#8211; PDF, 1MB<\/a><\/div>\n\n<hr class=\"wp-block-separator\"\/>\n\n<h2 class=\"wp-block-heading\"><strong>Inunda\u00e7\u00e3o e Seca<\/strong><\/h2>\n\n<div class=\"wp-block-file\"><a href=\"https:\/\/demo.cuvecom.org\/wp-content\/uploads\/dlm_uploads\/2019\/04\/Drought-Cuvelai.pdf\">Drought Cuvelai &#8211; PDF, 1MB<\/a><\/div>\n\n<hr class=\"wp-block-separator\"\/>\n\n<h2 class=\"wp-block-heading\"><strong>Colheita de \u00c1guas e Chuvas<\/strong><\/h2>\n\n<div class=\"wp-block-file\"><a href=\"https:\/\/demo.cuvecom.org\/wp-content\/uploads\/dlm_uploads\/2019\/04\/CuveWaters-Report-2015.pdf\">CuveWaters Report 2015 &#8211; PDF, 3MB<\/a><\/div>\n\n<div class=\"wp-block-file\"><a href=\"https:\/\/demo.cuvecom.org\/wp-content\/uploads\/dlm_uploads\/2019\/04\/CuveWaters-Final-Report.pdf\">CuveWaters Final Report &#8211; PDF, 2MB<\/a><\/div>\n\n<hr class=\"wp-block-separator\"\/>\n\n<h2 class=\"wp-block-heading\"><strong>Estudos Socio-econ\u00f3micos e Documenta\u00e7\u00e3o<\/strong><\/h2>\n\n<div class=\"wp-block-file\"><a href=\"https:\/\/demo.cuvecom.org\/wp-content\/uploads\/dlm_uploads\/2019\/04\/Mendelsohn-Vulnerabililty-in-the-Cuvelai-Basin.pdf\">Mendelsohn &#8211; Vulnerabililty in the Cuvelai Basin &#8211; PDF, 13MB<\/a><\/div>\n\n<hr class=\"wp-block-separator\"\/>\n\n<h2 class=\"wp-block-heading\">G\u00e9nero<\/h2>\n\n<div class=\"wp-block-file\"><a href=\"https:\/\/demo.cuvecom.org\/wp-content\/uploads\/dlm_uploads\/2019\/04\/Gender-CUVECOM-Discussion-Paper.pdf\">Gender CUVECOM Discussion Paper &#8211; PDF, 89KB<\/a><\/div>\n\n<div class=\"wp-block-file\"><a href=\"https:\/\/demo.cuvecom.org\/wp-content\/uploads\/dlm_uploads\/2019\/04\/Gender-Analysis-Kunene-Transboundary-Water-Project.pdf\">Gender Analysis Kunene Transboundary Water Project &#8211; PDF, 7MB<\/a><\/div>","protected":false},"excerpt":{"rendered":"<p>Abaixo est\u00e1 uma biblioteca de pol\u00edticas, directrizes, estudos e pesquisas referentes \u00e0 Bacia do Rio Cuvelai. Plano da GIRH e Documenta\u00e7\u00e3o Relacionada Jur\u00eddico, Pol\u00edtica, Estudos Institucionais e Relat\u00f3rios Planos da Bacia Hidrogr\u00e1fica e GIRH Recursos H\u00eddricos (Superf\u00edcie e \u00c1guas Subterr\u00e2neas) Altera\u00e7\u00f5es Clim\u00e1ticas Inunda\u00e7\u00e3o e Seca Colheita de \u00c1guas e Chuvas Estudos Socio-econ\u00f3micos e Documenta\u00e7\u00e3o G\u00e9nero<\/p>","protected":false},"author":11,"featured_media":0,"parent":0,"menu_order":0,"comment_status":"closed","ping_status":"closed","template":"page-templates\/sidebar-right.php","meta":{"footnotes":""},"class_list":["post-958","page","type-page","status-publish","hentry"],"featured_image_urls":{"full":"","thumbnail":"","medium":"","medium_large":"","large":"","1536x1536":"","2048x2048":"","trp-custom-language-flag":"","pixova-lite-custom-logo":"","pixova-lite-project-slider-logo-image":"","pixova-lite-homepage-blog-posts":"","pixova-lite-featured-blog-image":"","pixova-lite-related-posts":"","pixova-lite-recent-works-image":"","form-edit-image-preview":""},"post_excerpt_stackable":"<p>Abaixo est\u00e1 uma biblioteca de pol\u00edticas, directrizes, estudos e pesquisas referentes \u00e0 Bacia do Rio Cuvelai. Plano da GIRH e Documenta\u00e7\u00e3o Relacionada CUVECOM Scoping Study Part 1 (Eng) &#8211; PDF, 4MB CUVECOM Scoping Study Part 2 (Eng) &#8211; PDF, 6MB Jur\u00eddico, Pol\u00edtica, Estudos Institucionais e Relat\u00f3rios CUVECOM Agreement &#8211; PDF, 9MB Planos da Bacia Hidrogr\u00e1fica e GIRH 2013 IWRM CEB Plan &#8211; PDF, 3MB 2013 Limpopo River Basin IWRM Plan (Eng) &#8211; PDF, 3MB 2013 Limpopo River Basin IWRM Plan (Por) &#8211; PDF, 4MB Recursos H\u00eddricos (Superf\u00edcie e \u00c1guas Subterr\u00e2neas) Ohandwena 2 Exploration Study &#8211; PDF, 4MB Plano Nacional da&hellip;<\/p>\n","category_list":"","author_info":{"name":"admin","url":"https:\/\/demo.cuvecom.org\/pt\/author\/admin\/"},"comments_num":"0 comments","featured_image_urls_v2":{"full":"","thumbnail":"","medium":"","medium_large":"","large":"","1536x1536":"","2048x2048":"","trp-custom-language-flag":"","pixova-lite-custom-logo":"","pixova-lite-project-slider-logo-image":"","pixova-lite-homepage-blog-posts":"","pixova-lite-featured-blog-image":"","pixova-lite-related-posts":"","pixova-lite-recent-works-image":"","form-edit-image-preview":""},"post_excerpt_stackable_v2":"<p>Abaixo est\u00e1 uma biblioteca de pol\u00edticas, directrizes, estudos e pesquisas referentes \u00e0 Bacia do Rio Cuvelai. Plano da GIRH e Documenta\u00e7\u00e3o Relacionada CUVECOM Scoping Study Part 1 (Eng) &#8211; PDF, 4MB CUVECOM Scoping Study Part 2 (Eng) &#8211; PDF, 6MB Jur\u00eddico, Pol\u00edtica, Estudos Institucionais e Relat\u00f3rios CUVECOM Agreement &#8211; PDF, 9MB Planos da Bacia Hidrogr\u00e1fica e GIRH 2013 IWRM CEB Plan &#8211; PDF, 3MB 2013 Limpopo River Basin IWRM Plan (Eng) &#8211; PDF, 3MB 2013 Limpopo River Basin IWRM Plan (Por) &#8211; PDF, 4MB Recursos H\u00eddricos (Superf\u00edcie e \u00c1guas Subterr\u00e2neas) Ohandwena 2 Exploration Study &#8211; PDF, 4MB Plano Nacional da&hellip;<\/p>\n","category_list_v2":"","author_info_v2":{"name":"admin","url":"https:\/\/demo.cuvecom.org\/pt\/author\/admin\/"},"comments_num_v2":"0 comments","_links":{"self":[{"href":"https:\/\/demo.cuvecom.org\/pt\/wp-json\/wp\/v2\/pages\/958","targetHints":{"allow":["GET"]}}],"collection":[{"href":"https:\/\/demo.cuvecom.org\/pt\/wp-json\/wp\/v2\/pages"}],"about":[{"href":"https:\/\/demo.cuvecom.org\/pt\/wp-json\/wp\/v2\/types\/page"}],"author":[{"embeddable":true,"href":"https:\/\/demo.cuvecom.org\/pt\/wp-json\/wp\/v2\/users\/11"}],"replies":[{"embeddable":true,"href":"https:\/\/demo.cuvecom.org\/pt\/wp-json\/wp\/v2\/comments?post=958"}],"version-history":[{"count":1,"href":"https:\/\/demo.cuvecom.org\/pt\/wp-json\/wp\/v2\/pages\/958\/revisions"}],"predecessor-version":[{"id":959,"href":"https:\/\/demo.cuvecom.org\/pt\/wp-json\/wp\/v2\/pages\/958\/revisions\/959"}],"wp:attachment":[{"href":"https:\/\/demo.cuvecom.org\/pt\/wp-json\/wp\/v2\/media?parent=958"}],"curies":[{"name":"wp","href":"https:\/\/api.w.org\/{rel}","templated":true}]}}